{"id":145,"date":"2016-05-02T16:22:01","date_gmt":"2016-05-02T19:22:01","guid":{"rendered":"http:\/\/tutorti.com.br\/portal\/?page_id=145"},"modified":"2018-02-12T17:30:21","modified_gmt":"2018-02-12T20:30:21","slug":"reportar-erro","status":"publish","type":"page","link":"https:\/\/tutorti.com.br\/portal\/reportar-erro\/","title":{"rendered":"Reportar Erro"},"content":{"rendered":"<h3>Este \u00e9 o lugar para voc\u00ea cooperar conosco e informar o ocorrido, assim possamos identificar e sanar o problema.<\/h3>\n<p><strong>Este formul\u00e1rio N\u00c3O \u00e9 para:<\/strong><\/p>\n<ul>\n<li>Retirar d\u00favidas sobre as publica\u00e7\u00f5es.<\/li>\n<li>Elogiar as mat\u00e9rias ou algo do tipo.<\/li>\n<li>Pedir parcerias ou qualquer coisa relacionada.<\/li>\n<\/ul>\n<p><strong>Encontrou algum erro, algum problema?<\/strong><\/p>\n<ul>\n<li>link na mat\u00e9ria n\u00e3o est\u00e1 funcionando ou entrando?<\/li>\n<li>p\u00e1gina ou postagens n\u00e3o encontrada?<\/li>\n<li>erro de escrita ou digita\u00e7\u00e3o?<\/li>\n<li>conte\u00fado defasado, ou incompleto?<\/li>\n<li>imagens ou v\u00eddeos n\u00e3o aparecendo?<\/li>\n<\/ul>\n<p>UTILIZE O CAMPO COMENT\u00c1RIO DE CADA PUBLICA\u00c7\u00c3O PARA TIRAR AS D\u00daVIDAS SOBRE ELAS.<\/p>\n<hr \/>\n<p>Preencha o formul\u00e1rio abaixo, que iremos verificar a ocorr\u00eancia.<br \/>\n\n<div class=\"wpcf7 no-js\" id=\"wpcf7-f144-o1\" lang=\"pt-BR\" dir=\"ltr\" data-wpcf7-id=\"144\">\n<div class=\"screen-reader-response\"><p role=\"status\" aria-live=\"polite\" aria-atomic=\"true\"><\/p> <ul><\/ul><\/div>\n<form action=\"\/portal\/wp-json\/wp\/v2\/pages\/145#wpcf7-f144-o1\" method=\"post\" class=\"wpcf7-form init\" aria-label=\"Formul\u00e1rios de contato\" novalidate=\"novalidate\" data-status=\"init\">\n<fieldset class=\"hidden-fields-container\"><input type=\"hidden\" name=\"_wpcf7\" value=\"144\" \/><input type=\"hidden\" name=\"_wpcf7_version\" value=\"6.1\" \/><input type=\"hidden\" name=\"_wpcf7_locale\" value=\"pt_BR\" \/><input type=\"hidden\" name=\"_wpcf7_unit_tag\" value=\"wpcf7-f144-o1\" \/><input type=\"hidden\" name=\"_wpcf7_container_post\" value=\"0\" \/><input type=\"hidden\" name=\"_wpcf7_posted_data_hash\" value=\"\" \/><input type=\"hidden\" name=\"_wpcf7_recaptcha_response\" value=\"\" \/>\n<\/fieldset>\n<p>Seu nome (obrigat\u00f3rio)\n<\/p>\n<p><span class=\"wpcf7-form-control-wrap\" data-name=\"your-name\"><input size=\"40\" maxlength=\"400\" class=\"wpcf7-form-control wpcf7-text wpcf7-validates-as-required\" aria-required=\"true\" aria-invalid=\"false\" value=\"\" type=\"text\" name=\"your-name\" \/><\/span>\n<\/p>\n<p>Seu e-mail (obrigat\u00f3rio)\n<\/p>\n<p><span class=\"wpcf7-form-control-wrap\" data-name=\"your-email\"><input size=\"40\" maxlength=\"400\" class=\"wpcf7-form-control wpcf7-email wpcf7-validates-as-required wpcf7-text wpcf7-validates-as-email\" aria-required=\"true\" aria-invalid=\"false\" value=\"\" type=\"email\" name=\"your-email\" \/><\/span>\n<\/p>\n<p>Assunto\n<\/p>\n<p><span class=\"wpcf7-form-control-wrap\" data-name=\"your-subject\"><input size=\"40\" maxlength=\"400\" class=\"wpcf7-form-control wpcf7-text wpcf7-validates-as-required\" aria-required=\"true\" aria-invalid=\"false\" value=\"\" type=\"text\" name=\"your-subject\" \/><\/span>\n<\/p>\n<p>Link da mat\u00e9ria com problema\n<\/p>\n<p><span class=\"wpcf7-form-control-wrap\" data-name=\"url-link\"><input size=\"40\" maxlength=\"400\" class=\"wpcf7-form-control wpcf7-url wpcf7-validates-as-required wpcf7-text wpcf7-validates-as-url\" aria-required=\"true\" aria-invalid=\"false\" value=\"\" type=\"url\" name=\"url-link\" \/><\/span>\n<\/p>\n<p>Descri\u00e7\u00e3o do Problema\/Erro\n<\/p>\n<p><span class=\"wpcf7-form-control-wrap\" data-name=\"your-message\"><textarea cols=\"40\" rows=\"10\" maxlength=\"2000\" class=\"wpcf7-form-control wpcf7-textarea wpcf7-validates-as-required\" aria-required=\"true\" aria-invalid=\"false\" name=\"your-message\"><\/textarea><\/span>\n<\/p>\n<p><input class=\"wpcf7-form-control wpcf7-submit has-spinner\" type=\"submit\" value=\"Enviar\" \/>\n<\/p><p style=\"display: none !important;\" class=\"akismet-fields-container\" data-prefix=\"_wpcf7_ak_\"><label>&#916;<textarea name=\"_wpcf7_ak_hp_textarea\" cols=\"45\" rows=\"8\" maxlength=\"100\"><\/textarea><\/label><input type=\"hidden\" id=\"ak_js_1\" name=\"_wpcf7_ak_js\" value=\"40\"\/><script>document.getElementById( \"ak_js_1\" ).setAttribute( \"value\", ( new Date() ).getTime() );<\/script><\/p><div class=\"wpcf7-response-output\" aria-hidden=\"true\"><\/div>\n<\/form>\n<\/div>\n\n","protected":false},"excerpt":{"rendered":"<p>Este \u00e9 o lugar para voc\u00ea cooperar conosco e informar o ocorrido, assim possamos identificar e sanar o problema. Este formul\u00e1rio N\u00c3O \u00e9 para: Retirar d\u00favidas sobre as publica\u00e7\u00f5es. Elogiar as mat\u00e9rias ou algo do tipo. Pedir parcerias ou qualquer coisa relacionada. Encontrou algum erro, algum problema? link na mat\u00e9ria n\u00e3o est\u00e1 funcionando ou entrando? &#8230;<\/p>\n","protected":false},"author":1,"featured_media":0,"parent":0,"menu_order":0,"comment_status":"closed","ping_status":"closed","template":"","meta":{"footnotes":""},"class_list":["post-145","page","type-page","status-publish","hentry"],"yoast_head":"<!-- This site is optimized with the Yoast SEO plugin v25.6 - https:\/\/yoast.com\/wordpress\/plugins\/seo\/ -->\n<title>Reportar Erro - Tutor TI<\/title>\n<meta name=\"description\" content=\"Coopere conosco informarmando algum problema encontrado no site, para que possamos identificar e sanar o erro. Sua ajuda \u00e9 de extrema import\u00e2ncia para n\u00f3s.\" \/>\n<meta name=\"robots\" content=\"index, follow, max-snippet:-1, max-image-preview:large, max-video-preview:-1\" \/>\n<link rel=\"canonical\" href=\"https:\/\/tutorti.com.br\/portal\/reportar-erro\/\" \/>\n<meta property=\"og:locale\" content=\"pt_BR\" \/>\n<meta property=\"og:type\" content=\"article\" \/>\n<meta property=\"og:title\" content=\"Reportar Erro - Tutor TI\" \/>\n<meta property=\"og:description\" content=\"Coopere conosco informarmando algum problema encontrado no site, para que possamos identificar e sanar o erro. Sua ajuda \u00e9 de extrema import\u00e2ncia para n\u00f3s.\" \/>\n<meta property=\"og:url\" content=\"https:\/\/tutorti.com.br\/portal\/reportar-erro\/\" \/>\n<meta property=\"og:site_name\" content=\"Tutor TI\" \/>\n<meta property=\"article:modified_time\" content=\"2018-02-12T20:30:21+00:00\" \/>\n<meta name=\"twitter:card\" content=\"summary_large_image\" \/>\n<meta name=\"twitter:label1\" content=\"Est. tempo de leitura\" \/>\n\t<meta name=\"twitter:data1\" content=\"1 minuto\" \/>\n<script type=\"application\/ld+json\" class=\"yoast-schema-graph\">{\"@context\":\"https:\/\/schema.org\",\"@graph\":[{\"@type\":\"WebPage\",\"@id\":\"https:\/\/tutorti.com.br\/portal\/reportar-erro\/\",\"url\":\"https:\/\/tutorti.com.br\/portal\/reportar-erro\/\",\"name\":\"Reportar Erro - Tutor TI\",\"isPartOf\":{\"@id\":\"https:\/\/tutorti.com.br\/portal\/#website\"},\"datePublished\":\"2016-05-02T19:22:01+00:00\",\"dateModified\":\"2018-02-12T20:30:21+00:00\",\"description\":\"Coopere conosco informarmando algum problema encontrado no site, para que possamos identificar e sanar o erro. Sua ajuda \u00e9 de extrema import\u00e2ncia para n\u00f3s.\",\"breadcrumb\":{\"@id\":\"https:\/\/tutorti.com.br\/portal\/reportar-erro\/#breadcrumb\"},\"inLanguage\":\"pt-BR\",\"potentialAction\":[{\"@type\":\"ReadAction\",\"target\":[\"https:\/\/tutorti.com.br\/portal\/reportar-erro\/\"]}]},{\"@type\":\"BreadcrumbList\",\"@id\":\"https:\/\/tutorti.com.br\/portal\/reportar-erro\/#breadcrumb\",\"itemListElement\":[{\"@type\":\"ListItem\",\"position\":1,\"name\":\"In\u00edcio\",\"item\":\"https:\/\/tutorti.com.br\/portal\/\"},{\"@type\":\"ListItem\",\"position\":2,\"name\":\"Reportar Erro\"}]},{\"@type\":\"WebSite\",\"@id\":\"https:\/\/tutorti.com.br\/portal\/#website\",\"url\":\"https:\/\/tutorti.com.br\/portal\/\",\"name\":\"Tutor TI\",\"description\":\"| Contribuindo com a TI\",\"publisher\":{\"@id\":\"https:\/\/tutorti.com.br\/portal\/#organization\"},\"potentialAction\":[{\"@type\":\"SearchAction\",\"target\":{\"@type\":\"EntryPoint\",\"urlTemplate\":\"https:\/\/tutorti.com.br\/portal\/?s={search_term_string}\"},\"query-input\":{\"@type\":\"PropertyValueSpecification\",\"valueRequired\":true,\"valueName\":\"search_term_string\"}}],\"inLanguage\":\"pt-BR\"},{\"@type\":\"Organization\",\"@id\":\"https:\/\/tutorti.com.br\/portal\/#organization\",\"name\":\"Tutor TI\",\"url\":\"https:\/\/tutorti.com.br\/portal\/\",\"logo\":{\"@type\":\"ImageObject\",\"inLanguage\":\"pt-BR\",\"@id\":\"https:\/\/tutorti.com.br\/portal\/#\/schema\/logo\/image\/\",\"url\":\"https:\/\/tutorti.com.br\/portal\/wp-content\/uploads\/2016\/04\/logo-tutorti.png\",\"contentUrl\":\"https:\/\/tutorti.com.br\/portal\/wp-content\/uploads\/2016\/04\/logo-tutorti.png\",\"width\":200,\"height\":128,\"caption\":\"Tutor TI\"},\"image\":{\"@id\":\"https:\/\/tutorti.com.br\/portal\/#\/schema\/logo\/image\/\"}}]}<\/script>\n<!-- \/ Yoast SEO plugin. -->","yoast_head_json":{"title":"Reportar Erro - Tutor TI","description":"Coopere conosco informarmando algum problema encontrado no site, para que possamos identificar e sanar o erro. Sua ajuda \u00e9 de extrema import\u00e2ncia para n\u00f3s.","robots":{"index":"index","follow":"follow","max-snippet":"max-snippet:-1","max-image-preview":"max-image-preview:large","max-video-preview":"max-video-preview:-1"},"canonical":"https:\/\/tutorti.com.br\/portal\/reportar-erro\/","og_locale":"pt_BR","og_type":"article","og_title":"Reportar Erro - Tutor TI","og_description":"Coopere conosco informarmando algum problema encontrado no site, para que possamos identificar e sanar o erro. Sua ajuda \u00e9 de extrema import\u00e2ncia para n\u00f3s.","og_url":"https:\/\/tutorti.com.br\/portal\/reportar-erro\/","og_site_name":"Tutor TI","article_modified_time":"2018-02-12T20:30:21+00:00","twitter_card":"summary_large_image","twitter_misc":{"Est. tempo de leitura":"1 minuto"},"schema":{"@context":"https:\/\/schema.org","@graph":[{"@type":"WebPage","@id":"https:\/\/tutorti.com.br\/portal\/reportar-erro\/","url":"https:\/\/tutorti.com.br\/portal\/reportar-erro\/","name":"Reportar Erro - Tutor TI","isPartOf":{"@id":"https:\/\/tutorti.com.br\/portal\/#website"},"datePublished":"2016-05-02T19:22:01+00:00","dateModified":"2018-02-12T20:30:21+00:00","description":"Coopere conosco informarmando algum problema encontrado no site, para que possamos identificar e sanar o erro. Sua ajuda \u00e9 de extrema import\u00e2ncia para n\u00f3s.","breadcrumb":{"@id":"https:\/\/tutorti.com.br\/portal\/reportar-erro\/#breadcrumb"},"inLanguage":"pt-BR","potentialAction":[{"@type":"ReadAction","target":["https:\/\/tutorti.com.br\/portal\/reportar-erro\/"]}]},{"@type":"BreadcrumbList","@id":"https:\/\/tutorti.com.br\/portal\/reportar-erro\/#breadcrumb","itemListElement":[{"@type":"ListItem","position":1,"name":"In\u00edcio","item":"https:\/\/tutorti.com.br\/portal\/"},{"@type":"ListItem","position":2,"name":"Reportar Erro"}]},{"@type":"WebSite","@id":"https:\/\/tutorti.com.br\/portal\/#website","url":"https:\/\/tutorti.com.br\/portal\/","name":"Tutor TI","description":"| Contribuindo com a TI","publisher":{"@id":"https:\/\/tutorti.com.br\/portal\/#organization"},"potentialAction":[{"@type":"SearchAction","target":{"@type":"EntryPoint","urlTemplate":"https:\/\/tutorti.com.br\/portal\/?s={search_term_string}"},"query-input":{"@type":"PropertyValueSpecification","valueRequired":true,"valueName":"search_term_string"}}],"inLanguage":"pt-BR"},{"@type":"Organization","@id":"https:\/\/tutorti.com.br\/portal\/#organization","name":"Tutor TI","url":"https:\/\/tutorti.com.br\/portal\/","logo":{"@type":"ImageObject","inLanguage":"pt-BR","@id":"https:\/\/tutorti.com.br\/portal\/#\/schema\/logo\/image\/","url":"https:\/\/tutorti.com.br\/portal\/wp-content\/uploads\/2016\/04\/logo-tutorti.png","contentUrl":"https:\/\/tutorti.com.br\/portal\/wp-content\/uploads\/2016\/04\/logo-tutorti.png","width":200,"height":128,"caption":"Tutor TI"},"image":{"@id":"https:\/\/tutorti.com.br\/portal\/#\/schema\/logo\/image\/"}}]}},"_links":{"self":[{"href":"https:\/\/tutorti.com.br\/portal\/wp-json\/wp\/v2\/pages\/145","targetHints":{"allow":["GET"]}}],"collection":[{"href":"https:\/\/tutorti.com.br\/portal\/wp-json\/wp\/v2\/pages"}],"about":[{"href":"https:\/\/tutorti.com.br\/portal\/wp-json\/wp\/v2\/types\/page"}],"author":[{"embeddable":true,"href":"https:\/\/tutorti.com.br\/portal\/wp-json\/wp\/v2\/users\/1"}],"replies":[{"embeddable":true,"href":"https:\/\/tutorti.com.br\/portal\/wp-json\/wp\/v2\/comments?post=145"}],"version-history":[{"count":5,"href":"https:\/\/tutorti.com.br\/portal\/wp-json\/wp\/v2\/pages\/145\/revisions"}],"predecessor-version":[{"id":931,"href":"https:\/\/tutorti.com.br\/portal\/wp-json\/wp\/v2\/pages\/145\/revisions\/931"}],"wp:attachment":[{"href":"https:\/\/tutorti.com.br\/portal\/wp-json\/wp\/v2\/media?parent=145"}],"curies":[{"name":"wp","href":"https:\/\/api.w.org\/{rel}","templated":true}]}}