{"id":26,"date":"2016-04-04T02:19:50","date_gmt":"2016-04-04T05:19:50","guid":{"rendered":"http:\/\/tutorti.com.br\/portal\/?page_id=26"},"modified":"2016-10-21T00:30:50","modified_gmt":"2016-10-21T03:30:50","slug":"termo-de-uso","status":"publish","type":"page","link":"https:\/\/tutorti.com.br\/portal\/termo-de-uso\/","title":{"rendered":"Termo de Uso"},"content":{"rendered":"<p>O uso deste site e seu conte\u00fado implicam na aceita\u00e7\u00e3o dos Termos de Uso abaixo descritos:<\/p>\n<p>&nbsp;<\/p>\n<p><strong>Direitos Autorais:<\/strong><\/p>\n<p>Este site foi desenvolvido\u00a0para uso pessoal e corporativo, no entanto, os direitos autorais dos assuntos nele descritos devem ser respeitados e reservados.<\/p>\n<p>&nbsp;<\/p>\n<p><strong>Sites de\u00a0<\/strong><strong>Terceiros:<\/strong><\/p>\n<p>Este site pode conter links para sites de terceiros. Sendo assim o site\u00a0Tutor TI\u00a0n\u00e3o se responsabiliza em nenhum dos casos por indisponibilidade, erros ou problemas de performance ou qualquer tipo de dificuldade encontrada nos sites de terceiros.<\/p>\n<p>&nbsp;<\/p>\n<p><strong>Viabilidade T\u00e9cnica:<\/strong><\/p>\n<p>A equipe Tutor TI\u00a0est\u00e1\u00a0em constante esfor\u00e7o para manter este site acess\u00edvel aos seus usu\u00e1rios. Entretanto, como qualquer sistema informatizado, pode eventualmente acontecer algum problema\u00a0que ocasione\u00a0interrup\u00e7\u00f5es nos servi\u00e7os, como por exemplo:<\/p>\n<p>\u2013 Indisponibilidade de provedor;<\/p>\n<p>\u2013 Manuten\u00e7\u00f5es programadas;<\/p>\n<p>\u2013 Problemas de desempenho devido a instabilidade na velocidade de conex\u00e3o ou excessivo n\u00famero de usu\u00e1rios visitando site simultaneamente.<\/p>\n<p>Caso isso ocorra, o site\u00a0far\u00e1 o poss\u00edvel para minimizar os problemas, entretanto, nem todas as causas possam estar diretamente associadas ou nosso alcance.<\/p>\n<p>&nbsp;<\/p>\n<p><strong>Conte\u00fado:<\/strong><\/p>\n<p>O Tutor TI\u00a0pode a qualquer momento, sem notifica\u00e7\u00e3o pr\u00e9via, modificar ou alterar o conte\u00fado deste site.<\/p>\n<p>Com base em termos da legisla\u00e7\u00e3o em vigor, o Tutor TI\u00a0afirma a veracidade das informa\u00e7\u00f5es apresentadas neste site, principalmente quando relacionadas \u00e0s descri\u00e7\u00f5es t\u00e9cnicas dos produtos e servi\u00e7os, entretanto, reservamo-nos aos seguintes direitos:<\/p>\n<p>\u2013 \u00a0Alterar as caracter\u00edsticas de qualquer mat\u00e9ria\u00a0apresentados neste site a qualquer momento, sem qualquer notifica\u00e7\u00e3o pr\u00e9via;<\/p>\n<p>\u2013\u00a0Substituir ou excluir nossos artigos, imagens e v\u00eddeos\u00a0apresentados neste site a qualquer momento, sem qualquer notifica\u00e7\u00e3o pr\u00e9via;<\/p>\n<p>\u2013 Modificar, incluir ou excluir qualquer conte\u00fado deste site a qualquer momento, sem qualquer notifica\u00e7\u00e3o pr\u00e9via;<\/p>\n","protected":false},"excerpt":{"rendered":"<p>O uso deste site e seu conte\u00fado implicam na aceita\u00e7\u00e3o dos Termos de Uso abaixo descritos: &nbsp; Direitos Autorais: Este site foi desenvolvido\u00a0para uso pessoal e corporativo, no entanto, os direitos autorais dos assuntos nele descritos devem ser respeitados e reservados. &nbsp; Sites de\u00a0Terceiros: Este site pode conter links para sites de terceiros. Sendo assim &#8230;<\/p>\n","protected":false},"author":1,"featured_media":0,"parent":0,"menu_order":0,"comment_status":"closed","ping_status":"closed","template":"","meta":{"footnotes":""},"class_list":["post-26","page","type-page","status-publish","hentry"],"yoast_head":"<!-- This site is optimized with the Yoast SEO plugin v25.6 - https:\/\/yoast.com\/wordpress\/plugins\/seo\/ -->\n<title>Termo de Uso - Tutor TI<\/title>\n<meta name=\"robots\" content=\"index, follow, max-snippet:-1, max-image-preview:large, max-video-preview:-1\" \/>\n<link rel=\"canonical\" href=\"https:\/\/tutorti.com.br\/portal\/termo-de-uso\/\" \/>\n<meta property=\"og:locale\" content=\"pt_BR\" \/>\n<meta property=\"og:type\" content=\"article\" \/>\n<meta property=\"og:title\" content=\"Termo de Uso - Tutor TI\" \/>\n<meta property=\"og:description\" content=\"O uso deste site e seu conte\u00fado implicam na aceita\u00e7\u00e3o dos Termos de Uso abaixo descritos: &nbsp; Direitos Autorais: Este site foi desenvolvido\u00a0para uso pessoal e corporativo, no entanto, os direitos autorais dos assuntos nele descritos devem ser respeitados e reservados. &nbsp; Sites de\u00a0Terceiros: Este site pode conter links para sites de terceiros. Sendo assim ...\" \/>\n<meta property=\"og:url\" content=\"https:\/\/tutorti.com.br\/portal\/termo-de-uso\/\" \/>\n<meta property=\"og:site_name\" content=\"Tutor TI\" \/>\n<meta property=\"article:modified_time\" content=\"2016-10-21T03:30:50+00:00\" \/>\n<meta name=\"twitter:card\" content=\"summary_large_image\" \/>\n<meta name=\"twitter:label1\" content=\"Est. tempo de leitura\" \/>\n\t<meta name=\"twitter:data1\" content=\"2 minutos\" \/>\n<script type=\"application\/ld+json\" class=\"yoast-schema-graph\">{\"@context\":\"https:\/\/schema.org\",\"@graph\":[{\"@type\":\"WebPage\",\"@id\":\"https:\/\/tutorti.com.br\/portal\/termo-de-uso\/\",\"url\":\"https:\/\/tutorti.com.br\/portal\/termo-de-uso\/\",\"name\":\"Termo de Uso - Tutor TI\",\"isPartOf\":{\"@id\":\"https:\/\/tutorti.com.br\/portal\/#website\"},\"datePublished\":\"2016-04-04T05:19:50+00:00\",\"dateModified\":\"2016-10-21T03:30:50+00:00\",\"breadcrumb\":{\"@id\":\"https:\/\/tutorti.com.br\/portal\/termo-de-uso\/#breadcrumb\"},\"inLanguage\":\"pt-BR\",\"potentialAction\":[{\"@type\":\"ReadAction\",\"target\":[\"https:\/\/tutorti.com.br\/portal\/termo-de-uso\/\"]}]},{\"@type\":\"BreadcrumbList\",\"@id\":\"https:\/\/tutorti.com.br\/portal\/termo-de-uso\/#breadcrumb\",\"itemListElement\":[{\"@type\":\"ListItem\",\"position\":1,\"name\":\"In\u00edcio\",\"item\":\"https:\/\/tutorti.com.br\/portal\/\"},{\"@type\":\"ListItem\",\"position\":2,\"name\":\"Termo de Uso\"}]},{\"@type\":\"WebSite\",\"@id\":\"https:\/\/tutorti.com.br\/portal\/#website\",\"url\":\"https:\/\/tutorti.com.br\/portal\/\",\"name\":\"Tutor TI\",\"description\":\"| Contribuindo com a TI\",\"publisher\":{\"@id\":\"https:\/\/tutorti.com.br\/portal\/#organization\"},\"potentialAction\":[{\"@type\":\"SearchAction\",\"target\":{\"@type\":\"EntryPoint\",\"urlTemplate\":\"https:\/\/tutorti.com.br\/portal\/?s={search_term_string}\"},\"query-input\":{\"@type\":\"PropertyValueSpecification\",\"valueRequired\":true,\"valueName\":\"search_term_string\"}}],\"inLanguage\":\"pt-BR\"},{\"@type\":\"Organization\",\"@id\":\"https:\/\/tutorti.com.br\/portal\/#organization\",\"name\":\"Tutor TI\",\"url\":\"https:\/\/tutorti.com.br\/portal\/\",\"logo\":{\"@type\":\"ImageObject\",\"inLanguage\":\"pt-BR\",\"@id\":\"https:\/\/tutorti.com.br\/portal\/#\/schema\/logo\/image\/\",\"url\":\"https:\/\/tutorti.com.br\/portal\/wp-content\/uploads\/2016\/04\/logo-tutorti.png\",\"contentUrl\":\"https:\/\/tutorti.com.br\/portal\/wp-content\/uploads\/2016\/04\/logo-tutorti.png\",\"width\":200,\"height\":128,\"caption\":\"Tutor TI\"},\"image\":{\"@id\":\"https:\/\/tutorti.com.br\/portal\/#\/schema\/logo\/image\/\"}}]}<\/script>\n<!-- \/ Yoast SEO plugin. -->","yoast_head_json":{"title":"Termo de Uso - Tutor TI","robots":{"index":"index","follow":"follow","max-snippet":"max-snippet:-1","max-image-preview":"max-image-preview:large","max-video-preview":"max-video-preview:-1"},"canonical":"https:\/\/tutorti.com.br\/portal\/termo-de-uso\/","og_locale":"pt_BR","og_type":"article","og_title":"Termo de Uso - Tutor TI","og_description":"O uso deste site e seu conte\u00fado implicam na aceita\u00e7\u00e3o dos Termos de Uso abaixo descritos: &nbsp; Direitos Autorais: Este site foi desenvolvido\u00a0para uso pessoal e corporativo, no entanto, os direitos autorais dos assuntos nele descritos devem ser respeitados e reservados. &nbsp; Sites de\u00a0Terceiros: Este site pode conter links para sites de terceiros. Sendo assim ...","og_url":"https:\/\/tutorti.com.br\/portal\/termo-de-uso\/","og_site_name":"Tutor TI","article_modified_time":"2016-10-21T03:30:50+00:00","twitter_card":"summary_large_image","twitter_misc":{"Est. tempo de leitura":"2 minutos"},"schema":{"@context":"https:\/\/schema.org","@graph":[{"@type":"WebPage","@id":"https:\/\/tutorti.com.br\/portal\/termo-de-uso\/","url":"https:\/\/tutorti.com.br\/portal\/termo-de-uso\/","name":"Termo de Uso - Tutor TI","isPartOf":{"@id":"https:\/\/tutorti.com.br\/portal\/#website"},"datePublished":"2016-04-04T05:19:50+00:00","dateModified":"2016-10-21T03:30:50+00:00","breadcrumb":{"@id":"https:\/\/tutorti.com.br\/portal\/termo-de-uso\/#breadcrumb"},"inLanguage":"pt-BR","potentialAction":[{"@type":"ReadAction","target":["https:\/\/tutorti.com.br\/portal\/termo-de-uso\/"]}]},{"@type":"BreadcrumbList","@id":"https:\/\/tutorti.com.br\/portal\/termo-de-uso\/#breadcrumb","itemListElement":[{"@type":"ListItem","position":1,"name":"In\u00edcio","item":"https:\/\/tutorti.com.br\/portal\/"},{"@type":"ListItem","position":2,"name":"Termo de Uso"}]},{"@type":"WebSite","@id":"https:\/\/tutorti.com.br\/portal\/#website","url":"https:\/\/tutorti.com.br\/portal\/","name":"Tutor TI","description":"| Contribuindo com a TI","publisher":{"@id":"https:\/\/tutorti.com.br\/portal\/#organization"},"potentialAction":[{"@type":"SearchAction","target":{"@type":"EntryPoint","urlTemplate":"https:\/\/tutorti.com.br\/portal\/?s={search_term_string}"},"query-input":{"@type":"PropertyValueSpecification","valueRequired":true,"valueName":"search_term_string"}}],"inLanguage":"pt-BR"},{"@type":"Organization","@id":"https:\/\/tutorti.com.br\/portal\/#organization","name":"Tutor TI","url":"https:\/\/tutorti.com.br\/portal\/","logo":{"@type":"ImageObject","inLanguage":"pt-BR","@id":"https:\/\/tutorti.com.br\/portal\/#\/schema\/logo\/image\/","url":"https:\/\/tutorti.com.br\/portal\/wp-content\/uploads\/2016\/04\/logo-tutorti.png","contentUrl":"https:\/\/tutorti.com.br\/portal\/wp-content\/uploads\/2016\/04\/logo-tutorti.png","width":200,"height":128,"caption":"Tutor TI"},"image":{"@id":"https:\/\/tutorti.com.br\/portal\/#\/schema\/logo\/image\/"}}]}},"_links":{"self":[{"href":"https:\/\/tutorti.com.br\/portal\/wp-json\/wp\/v2\/pages\/26","targetHints":{"allow":["GET"]}}],"collection":[{"href":"https:\/\/tutorti.com.br\/portal\/wp-json\/wp\/v2\/pages"}],"about":[{"href":"https:\/\/tutorti.com.br\/portal\/wp-json\/wp\/v2\/types\/page"}],"author":[{"embeddable":true,"href":"https:\/\/tutorti.com.br\/portal\/wp-json\/wp\/v2\/users\/1"}],"replies":[{"embeddable":true,"href":"https:\/\/tutorti.com.br\/portal\/wp-json\/wp\/v2\/comments?post=26"}],"version-history":[{"count":3,"href":"https:\/\/tutorti.com.br\/portal\/wp-json\/wp\/v2\/pages\/26\/revisions"}],"predecessor-version":[{"id":682,"href":"https:\/\/tutorti.com.br\/portal\/wp-json\/wp\/v2\/pages\/26\/revisions\/682"}],"wp:attachment":[{"href":"https:\/\/tutorti.com.br\/portal\/wp-json\/wp\/v2\/media?parent=26"}],"curies":[{"name":"wp","href":"https:\/\/api.w.org\/{rel}","templated":true}]}}